{"id":12,"date":"2013-09-26T13:12:41","date_gmt":"2013-09-26T10:12:41","guid":{"rendered":"http:\/\/www.kolivas.gr\/?page_id=12"},"modified":"2023-06-22T15:06:21","modified_gmt":"2023-06-22T12:06:21","slug":"start","status":"publish","type":"page","link":"https:\/\/www.kolivas.gr\/it\/","title":{"rendered":"Homepage"},"content":{"rendered":"<p><\/a><a href=\"\/espa\"><\/a><a href=\"\/espa\"><\/a><\/p>\n<div class=\"box-intro-image-certs\"><a href=\"\/espa\"><\/a><a href=\"\/espa\"><img loading=\"lazy\" decoding=\"async\" class=\"size-full wp-image-888 aligncenter\" src=\"https:\/\/www.kolivas.gr\/wp-content\/uploads\/2018\/11\/certs.png\" alt=\"\" width=\"176\" height=\"64\"><\/a><a class=\"espa-parent\" href=\"\/espa\"><img decoding=\"async\" class=\"size-full wp-image-889 aligncenter\" src=\"\/wp-content\/uploads\/2021\/06\/espa-banner-e1622814780819.jpg\" href=\"\/espa\" alt=\"\"><\/a><\/div>\n<div class=\"box-intro-image\"><img loading=\"lazy\" decoding=\"async\" src=\"https:\/\/www.kolivas.gr\/wp-content\/uploads\/2013\/10\/favicon.png\" alt=\"\" class=\"aligncenter size-full wp-image-179\" width=\"124\" height=\"120\"><\/div>\n<div class=\"box-intro\">\nVorremmo informarvi che la societ\u00e0 Special Cars Kolivas produce autocarri funebri con due tipi di stampi: lo con Kevlar e 2o con fibra di carbonio (su richiesta del cliente) per i seguenti modelli di automobile CI80 (due disegni), Jaguar S Type (due disegni), E-Class Type 211 (tre disegni) e E-Class Type 212 (tre disegni). E<sup>&#8216;<\/sup> stata data cos\u00ec risposta a tutti i problemi che presentava la costruzione in lamiera, come: 1. L\u2019automobile \u00e8 pi\u00f9 leggera con conseguente stabilit\u00e0 nella guida e minor consumo di carburanti 2. Annullamento di screpolature nel colore dato che non si applicano pi\u00f9 mastice e giunzioni 3) Vengono ridotti i tempi di consegna dato che lo stampo \u00e8 pronto.<\/div>\n<div class=\"boxes\">\n<div class=\"point-box\"><div class=\"su-service\"><div class=\"su-service-title\" style=\"padding-left:78px;min-height:64px;line-height:64px\"><i class=\"sui sui-tachometer\" style=\"font-size:64px;color:#ccc\"><\/i> <\/div><div class=\"su-service-content su-u-clearfix su-u-trim\" style=\"padding-left:78px\">Das Fahrzeug ist leichter, mit dem Ergebnis der Stabilit\u00e4t bei dem Fahren und einem geringeren Kraftstoffverbrauch<\/div><\/div><\/div>\n<div class=\"point-box\"><div class=\"su-service\"><div class=\"su-service-title\" style=\"padding-left:78px;min-height:64px;line-height:64px\"><i class=\"sui sui-certificate\" style=\"font-size:64px;color:#ccc\"><\/i> <\/div><div class=\"su-service-content su-u-clearfix su-u-trim\" style=\"padding-left:78px\">Der Vermeidung von Rissen bei der Lackierung, da es fortan keinen Spachtel und Verbindungen gibt<\/div><\/div><\/div>\n<div class=\"point-box\"><div class=\"su-service\"><div class=\"su-service-title\" style=\"padding-left:78px;min-height:64px;line-height:64px\"><i class=\"sui sui-clock-o\" style=\"font-size:64px;color:#ccc\"><\/i> <\/div><div class=\"su-service-content su-u-clearfix su-u-trim\" style=\"padding-left:78px\">Die Lieferzeit wurde reduziert, da die Schablone fertig ist<\/div><\/div><\/div>\n<\/div>\n<div class=\"box-intro\">Inoltre la Special Cars Kolivas offre:<\/div>\n<div class=\"services\">\n<div class=\"services-sub\">\n<div class=\"su-list\" style=\"margin-left:0px\">\n<ul>\n<li><i class=\"sui sui-check\" style=\"color:#666\"><\/i> Cassetto idraulico e servocomando idraulico e telecomando<\/li>\n<li><i class=\"sui sui-check\" style=\"color:#666\"><\/i> I vetri sul lato non si appannano e sono triplex e E-bruciacchiato<\/li>\n<li><i class=\"sui sui-check\" style=\"color:#666\"><\/i> Ventilazione speciale all&#8217;interno della cabina dei defunti<\/li>\n<li><i class=\"sui sui-check\" style=\"color:#666\"><\/i> Sicurezza per l\u2019autista in caso di scontro<\/li>\n<li><i class=\"sui sui-check\" style=\"color:#666\"><\/i> Viene offerta garanzia per la costruzione<\/li>\n<li><i class=\"sui sui-check\" style=\"color:#666\"><\/i> Per tutta la costruzione ci sono nel nostro stabilimento tutti i ricambi con i loro codici<\/li>\n<\/ul>\n<\/div>\n<\/div>\n<\/div>\n<div class=\"box-intro\">Contatto<\/div>\n<div style=\"width: 98%; margin:auto; background-color:#f8f8f8; box-shadow: 1px 5px 5px 0px rgba(0,0,0,0.6);\">\n<div class=\"su-row\">\n<div class=\"su-column su-column-size-1-4\"><div class=\"su-column-inner su-u-clearfix su-u-trim\"><div class=\"su-list\" style=\"margin-left:0px\">\n<ul>\n<li><i class=\"sui sui-phone\" style=\"color:#555\"><\/i> +302622022312<\/li>\n<\/ul>\n<\/div><\/div><\/div>\n<div class=\"su-column su-column-size-1-4\"><div class=\"su-column-inner su-u-clearfix su-u-trim\"><div class=\"su-list\" style=\"margin-left:0px\">\n<ul>\n<li><i class=\"sui sui-fax\" style=\"color:#555\"><\/i> +302622029630<\/li>\n<\/ul>\n<\/div><\/div><\/div>\n<div class=\"su-column su-column-size-1-4\"><div class=\"su-column-inner su-u-clearfix su-u-trim\"><div class=\"su-list\" style=\"margin-left:0px\">\n<ul>\n<li><i class=\"sui sui-mobile\" style=\"color:#555\"><\/i> +306979117714<\/li>\n<\/ul>\n<\/div><\/div><\/div>\n<div class=\"su-column su-column-size-1-4\"><div class=\"su-column-inner su-u-clearfix su-u-trim\"><div class=\"su-list\" style=\"margin-left:0px\">\n<ul>\n<li><i class=\"sui sui-envelope\" style=\"color:#555\"><\/i> info@kolivas.gr<\/li>\n<\/ul>\n<\/div><\/div><\/div>\n<\/div>\n<\/div>\n<div class=\"su-gmap su-u-responsive-media-yes\"><iframe loading=\"lazy\" width=\"100\" height=\"450\" src=\"\/\/maps.google.com\/maps?q=37.82007%2C%2021.31064&amp;output=embed\" title=\"\"><\/iframe><\/div>\n","protected":false},"excerpt":{"rendered":"<p>Vorremmo informarvi che la societ\u00e0 Special Cars Kolivas produce autocarri funebri con due tipi di stampi: lo con Kevlar e 2o con fibra di carbonio (su richiesta del cliente) per i seguenti modelli di automobile CI80 (due disegni), Jaguar S Type (due disegni), E-Class Type 211 (tre disegni) e E-Class Type 212 (tre disegni). E&#8216;<\/p>\n<p><a class=\"excerpt-more blog-excerpt\" href=\"https:\/\/www.kolivas.gr\/it\/\">Read More&#8230;<\/a><\/p>\n","protected":false},"author":1,"featured_media":0,"parent":0,"menu_order":1,"comment_status":"closed","ping_status":"closed","template":"","meta":{"footnotes":""},"class_list":["post-12","page","type-page","status-publish","hentry"],"yoast_head":"<!-- This site is optimized with the Yoast SEO plugin v27.4 - https:\/\/yoast.com\/product\/yoast-seo-wordpress\/ -->\n<title>Homepage - Kolivas Specialcars<\/title>\n<meta name=\"robots\" content=\"index, follow, max-snippet:-1, max-image-preview:large, max-video-preview:-1\" \/>\n<link rel=\"canonical\" href=\"https:\/\/www.kolivas.gr\/\" \/>\n<meta property=\"og:locale\" content=\"it_IT\" \/>\n<meta property=\"og:type\" content=\"article\" \/>\n<meta property=\"og:title\" content=\"Homepage - Kolivas Specialcars\" \/>\n<meta property=\"og:description\" content=\"Vorremmo informarvi che la societ\u00e0 Special Cars Kolivas produce autocarri funebri con due tipi di stampi: lo con Kevlar e 2o con fibra di carbonio (su richiesta del cliente) per i seguenti modelli di automobile CI80 (due disegni), Jaguar S Type (due disegni), E-Class Type 211 (tre disegni) e E-Class Type 212 (tre disegni). E&#8216;Read More...\" \/>\n<meta property=\"og:url\" content=\"https:\/\/www.kolivas.gr\/\" \/>\n<meta property=\"og:site_name\" content=\"Kolivas Specialcars\" \/>\n<meta property=\"article:modified_time\" content=\"2023-06-22T12:06:21+00:00\" \/>\n<meta property=\"og:image\" content=\"https:\/\/www.kolivas.gr\/wp-content\/uploads\/2018\/11\/certs.png\" \/>\n<meta name=\"twitter:card\" content=\"summary_large_image\" \/>\n<meta name=\"twitter:label1\" content=\"Tempo di lettura stimato\" \/>\n\t<meta name=\"twitter:data1\" content=\"7 minuti\" \/>\n<script type=\"application\/ld+json\" class=\"yoast-schema-graph\">{\"@context\":\"https:\\\/\\\/schema.org\",\"@graph\":[{\"@type\":\"WebPage\",\"@id\":\"https:\\\/\\\/www.kolivas.gr\\\/\",\"url\":\"https:\\\/\\\/www.kolivas.gr\\\/\",\"name\":\"Homepage - Kolivas Specialcars\",\"isPartOf\":{\"@id\":\"https:\\\/\\\/www.kolivas.gr\\\/#website\"},\"primaryImageOfPage\":{\"@id\":\"https:\\\/\\\/www.kolivas.gr\\\/#primaryimage\"},\"image\":{\"@id\":\"https:\\\/\\\/www.kolivas.gr\\\/#primaryimage\"},\"thumbnailUrl\":\"https:\\\/\\\/www.kolivas.gr\\\/wp-content\\\/uploads\\\/2018\\\/11\\\/certs.png\",\"datePublished\":\"2013-09-26T10:12:41+00:00\",\"dateModified\":\"2023-06-22T12:06:21+00:00\",\"breadcrumb\":{\"@id\":\"https:\\\/\\\/www.kolivas.gr\\\/#breadcrumb\"},\"inLanguage\":\"it-IT\",\"potentialAction\":[{\"@type\":\"ReadAction\",\"target\":[\"https:\\\/\\\/www.kolivas.gr\\\/\"]}]},{\"@type\":\"ImageObject\",\"inLanguage\":\"it-IT\",\"@id\":\"https:\\\/\\\/www.kolivas.gr\\\/#primaryimage\",\"url\":\"https:\\\/\\\/www.kolivas.gr\\\/wp-content\\\/uploads\\\/2018\\\/11\\\/certs.png\",\"contentUrl\":\"https:\\\/\\\/www.kolivas.gr\\\/wp-content\\\/uploads\\\/2018\\\/11\\\/certs.png\"},{\"@type\":\"BreadcrumbList\",\"@id\":\"https:\\\/\\\/www.kolivas.gr\\\/#breadcrumb\",\"itemListElement\":[{\"@type\":\"ListItem\",\"position\":1,\"name\":\"\u0391\u03c1\u03c7\u03b9\u03ba\u03ae\",\"item\":\"https:\\\/\\\/www.kolivas.gr\\\/\"},{\"@type\":\"ListItem\",\"position\":2,\"name\":\"Homepage\"}]},{\"@type\":\"WebSite\",\"@id\":\"https:\\\/\\\/www.kolivas.gr\\\/#website\",\"url\":\"https:\\\/\\\/www.kolivas.gr\\\/\",\"name\":\"Kolivas Specialcars\",\"description\":\"\",\"potentialAction\":[{\"@type\":\"SearchAction\",\"target\":{\"@type\":\"EntryPoint\",\"urlTemplate\":\"https:\\\/\\\/www.kolivas.gr\\\/?s={search_term_string}\"},\"query-input\":{\"@type\":\"PropertyValueSpecification\",\"valueRequired\":true,\"valueName\":\"search_term_string\"}}],\"inLanguage\":\"it-IT\"}]}<\/script>\n<!-- \/ Yoast SEO plugin. -->","yoast_head_json":{"title":"Homepage - Kolivas Specialcars","robots":{"index":"index","follow":"follow","max-snippet":"max-snippet:-1","max-image-preview":"max-image-preview:large","max-video-preview":"max-video-preview:-1"},"canonical":"https:\/\/www.kolivas.gr\/","og_locale":"it_IT","og_type":"article","og_title":"Homepage - Kolivas Specialcars","og_description":"Vorremmo informarvi che la societ\u00e0 Special Cars Kolivas produce autocarri funebri con due tipi di stampi: lo con Kevlar e 2o con fibra di carbonio (su richiesta del cliente) per i seguenti modelli di automobile CI80 (due disegni), Jaguar S Type (due disegni), E-Class Type 211 (tre disegni) e E-Class Type 212 (tre disegni). E&#8216;Read More...","og_url":"https:\/\/www.kolivas.gr\/","og_site_name":"Kolivas Specialcars","article_modified_time":"2023-06-22T12:06:21+00:00","og_image":[{"url":"https:\/\/www.kolivas.gr\/wp-content\/uploads\/2018\/11\/certs.png","type":"","width":"","height":""}],"twitter_card":"summary_large_image","twitter_misc":{"Tempo di lettura stimato":"7 minuti"},"schema":{"@context":"https:\/\/schema.org","@graph":[{"@type":"WebPage","@id":"https:\/\/www.kolivas.gr\/","url":"https:\/\/www.kolivas.gr\/","name":"Homepage - Kolivas Specialcars","isPartOf":{"@id":"https:\/\/www.kolivas.gr\/#website"},"primaryImageOfPage":{"@id":"https:\/\/www.kolivas.gr\/#primaryimage"},"image":{"@id":"https:\/\/www.kolivas.gr\/#primaryimage"},"thumbnailUrl":"https:\/\/www.kolivas.gr\/wp-content\/uploads\/2018\/11\/certs.png","datePublished":"2013-09-26T10:12:41+00:00","dateModified":"2023-06-22T12:06:21+00:00","breadcrumb":{"@id":"https:\/\/www.kolivas.gr\/#breadcrumb"},"inLanguage":"it-IT","potentialAction":[{"@type":"ReadAction","target":["https:\/\/www.kolivas.gr\/"]}]},{"@type":"ImageObject","inLanguage":"it-IT","@id":"https:\/\/www.kolivas.gr\/#primaryimage","url":"https:\/\/www.kolivas.gr\/wp-content\/uploads\/2018\/11\/certs.png","contentUrl":"https:\/\/www.kolivas.gr\/wp-content\/uploads\/2018\/11\/certs.png"},{"@type":"BreadcrumbList","@id":"https:\/\/www.kolivas.gr\/#breadcrumb","itemListElement":[{"@type":"ListItem","position":1,"name":"\u0391\u03c1\u03c7\u03b9\u03ba\u03ae","item":"https:\/\/www.kolivas.gr\/"},{"@type":"ListItem","position":2,"name":"Homepage"}]},{"@type":"WebSite","@id":"https:\/\/www.kolivas.gr\/#website","url":"https:\/\/www.kolivas.gr\/","name":"Kolivas Specialcars","description":"","potentialAction":[{"@type":"SearchAction","target":{"@type":"EntryPoint","urlTemplate":"https:\/\/www.kolivas.gr\/?s={search_term_string}"},"query-input":{"@type":"PropertyValueSpecification","valueRequired":true,"valueName":"search_term_string"}}],"inLanguage":"it-IT"}]}},"_links":{"self":[{"href":"https:\/\/www.kolivas.gr\/it\/wp-json\/wp\/v2\/pages\/12","targetHints":{"allow":["GET"]}}],"collection":[{"href":"https:\/\/www.kolivas.gr\/it\/wp-json\/wp\/v2\/pages"}],"about":[{"href":"https:\/\/www.kolivas.gr\/it\/wp-json\/wp\/v2\/types\/page"}],"author":[{"embeddable":true,"href":"https:\/\/www.kolivas.gr\/it\/wp-json\/wp\/v2\/users\/1"}],"replies":[{"embeddable":true,"href":"https:\/\/www.kolivas.gr\/it\/wp-json\/wp\/v2\/comments?post=12"}],"version-history":[{"count":15,"href":"https:\/\/www.kolivas.gr\/it\/wp-json\/wp\/v2\/pages\/12\/revisions"}],"predecessor-version":[{"id":1253,"href":"https:\/\/www.kolivas.gr\/it\/wp-json\/wp\/v2\/pages\/12\/revisions\/1253"}],"wp:attachment":[{"href":"https:\/\/www.kolivas.gr\/it\/wp-json\/wp\/v2\/media?parent=12"}],"curies":[{"name":"wp","href":"https:\/\/api.w.org\/{rel}","templated":true}]}}