{"id":37,"date":"2013-09-27T12:53:32","date_gmt":"2013-09-27T09:53:32","guid":{"rendered":"http:\/\/www.kolivas.gr\/?page_id=37"},"modified":"2018-11-19T23:36:19","modified_gmt":"2018-11-19T21:36:19","slug":"history","status":"publish","type":"page","link":"https:\/\/www.kolivas.gr\/de\/history\/","title":{"rendered":"Geschichte"},"content":{"rendered":"<div class=\"content-page\">\nNach dem Erhalt des Ingenieurs-Diploms (Technische Schule &#8222;Yparchos&#8220;) im Jahr 1969 begann ich eine Fabrik f\u00fcr die Herstellung von Karosserien. \u00a0\u00a0Konkret stellte ich K\u00fchlr\u00e4ume f\u00fcr Lastwagen und Drei-Achser und f\u00fchrte auch Exporte nach europ\u00e4ischen Staaten durch.<\/p>\n<p>Das intensive Interesse an dem Gegenstand und die erh\u00f6hten Bed\u00fcrfnisse des Marktes nach Entwicklung und Spezialisierung f\u00fchrten 1992 zu der ersten Erstellung von Leichenwagen. Die ersten Versuche erfolgten unter der Verwendung von Blech, was bis damals in unserem Land eine best\u00e4ndige Wahl darstellte. Dieses Material zeigte jedoch viele Probleme: die Konstruktionen hatten ein hohes Gewicht und an allen Verbindungen gab es Aufplatzungen und Rost.<\/p>\n<p>Im Ausland hatte bereits die Herstellung eines Leichenwagens aus Polyester begonnen. Das Studium neuer Produktionen und die Teilnahme an speziellen Seminaren und Ausstellungen im Ausland sowie auch der Austausch von Ansichten mit Experten bei den konkreten Konstruktionen (Chemiker und Maschinenbauingenieure) f\u00fchrten mich somit zu dem Entschluss zur Verwendung von Polyester bei der Herstellung von Leichenwagen und der Gr\u00fcndung der &#8222;Special Cars KOLIVAS&#8220; im Jahr 2000. Parallel erwarb ich zus\u00e4tzlich Zeugnisse in Karosseriebau, Lackierung und Blecharbeiten.<\/p>\n<p>Der n\u00e4chste Schritt war der Ankauf geeigneter Ausr\u00fcstung und die Erstellung von Schablonen zweier Typen: 1. mit unverbranntem Polyester und 2. mit Karbonfasern (auf Verlangen des Kunden) f\u00fcr die nachstehenden Kraftfahrzeugtypen: CI80 (zwei Designs), E210 (zwei Designs), E211 (drei Designs) und E212 (drei Designs). Somit wurde allen Problemen begegnet, welche die Blechkonstruktion aufwies:<\/p>\n<ul>\n<li>das Fahrzeug ist leichter, mit dem Ergebnis der Stabilit\u00e4t bei dem Fahren und einem geringeren Kraftstoffverbrauch.<\/li>\n<li>der Vermeidung von Rissen bei der Lackierung, da es fortan keinen Spachtel und Verbindungen gibt.<\/li>\n<\/ul>\n<ul>\n<li>und die Lieferzeit wurde reduziert, da die Schablone fertig ist.<\/li>\n<\/ul>\n<p>Zus\u00e4tzlich bietet die &#8222;Special Cars KOLIVAS&#8220;:<\/p>\n<p>hydraulischen Einschub mit hydraulischer Unterst\u00fctzung und Fernbedienung.<\/p>\n<ul>\n<li>Die Seitenscheiben beschlagen nicht und sind vom Typ Triplex.<\/li>\n<li>Spezielle Entl\u00fcftung f\u00fcr den Innenraum der Leichen-Kabine<\/li>\n<li>Sicherheit f\u00fcr den Fahrer im Fall eines Zusammensto\u00dfes<\/li>\n<li>F\u00fcr die gesamte Konstruktion gibt es in unserer Fabrik alle Ersatzteile mit ihrem Code.<\/li>\n<\/ul>\n<p>Ziel der &#8222;Special Cars KOLIVAS&#8220; ist die Abdeckung eines gro\u00dfen Anteils des griechischen Marktes und der Export von Fahrzeugen, in Kombination immer mit der unmittelbaren und erforderlichen Resonanz auf die Bed\u00fcrfnisse der Kundschaft.\n<\/p><\/div>\n","protected":false},"excerpt":{"rendered":"<p>Nach dem Erhalt des Ingenieurs-Diploms (Technische Schule &#8222;Yparchos&#8220;) im Jahr 1969 begann ich eine Fabrik f\u00fcr die Herstellung von Karosserien. \u00a0\u00a0Konkret stellte ich K\u00fchlr\u00e4ume f\u00fcr Lastwagen und Drei-Achser und f\u00fchrte auch Exporte nach europ\u00e4ischen Staaten durch. Das intensive Interesse an dem Gegenstand und die erh\u00f6hten Bed\u00fcrfnisse des Marktes nach Entwicklung und Spezialisierung f\u00fchrten 1992 zu<\/p>\n<p><a class=\"excerpt-more blog-excerpt\" href=\"https:\/\/www.kolivas.gr\/de\/history\/\">Read More&#8230;<\/a><\/p>\n","protected":false},"author":1,"featured_media":0,"parent":0,"menu_order":7,"comment_status":"closed","ping_status":"closed","template":"","meta":{"footnotes":""},"class_list":["post-37","page","type-page","status-publish","hentry"],"yoast_head":"<!-- This site is optimized with the Yoast SEO plugin v27.6 - https:\/\/yoast.com\/product\/yoast-seo-wordpress\/ -->\n<title>Geschichte - Kolivas Specialcars<\/title>\n<meta name=\"robots\" content=\"index, follow, max-snippet:-1, max-image-preview:large, max-video-preview:-1\" \/>\n<link rel=\"canonical\" href=\"https:\/\/www.kolivas.gr\/history\/\" \/>\n<meta property=\"og:locale\" content=\"de_DE\" \/>\n<meta property=\"og:type\" content=\"article\" \/>\n<meta property=\"og:title\" content=\"Geschichte - Kolivas Specialcars\" \/>\n<meta property=\"og:description\" content=\"Nach dem Erhalt des Ingenieurs-Diploms (Technische Schule &#8222;Yparchos&#8220;) im Jahr 1969 begann ich eine Fabrik f\u00fcr die Herstellung von Karosserien. \u00a0\u00a0Konkret stellte ich K\u00fchlr\u00e4ume f\u00fcr Lastwagen und Drei-Achser und f\u00fchrte auch Exporte nach europ\u00e4ischen Staaten durch. Das intensive Interesse an dem Gegenstand und die erh\u00f6hten Bed\u00fcrfnisse des Marktes nach Entwicklung und Spezialisierung f\u00fchrten 1992 zuRead More...\" \/>\n<meta property=\"og:url\" content=\"https:\/\/www.kolivas.gr\/history\/\" \/>\n<meta property=\"og:site_name\" content=\"Kolivas Specialcars\" \/>\n<meta property=\"article:modified_time\" content=\"2018-11-19T21:36:19+00:00\" \/>\n<meta name=\"twitter:card\" content=\"summary_large_image\" \/>\n<meta name=\"twitter:label1\" content=\"Gesch\u00e4tzte Lesezeit\" \/>\n\t<meta name=\"twitter:data1\" content=\"2\u00a0Minuten\" \/>\n<script type=\"application\/ld+json\" class=\"yoast-schema-graph\">{\"@context\":\"https:\\\/\\\/schema.org\",\"@graph\":[{\"@type\":\"WebPage\",\"@id\":\"https:\\\/\\\/www.kolivas.gr\\\/history\\\/\",\"url\":\"https:\\\/\\\/www.kolivas.gr\\\/history\\\/\",\"name\":\"Geschichte - Kolivas Specialcars\",\"isPartOf\":{\"@id\":\"https:\\\/\\\/www.kolivas.gr\\\/#website\"},\"datePublished\":\"2013-09-27T09:53:32+00:00\",\"dateModified\":\"2018-11-19T21:36:19+00:00\",\"breadcrumb\":{\"@id\":\"https:\\\/\\\/www.kolivas.gr\\\/history\\\/#breadcrumb\"},\"inLanguage\":\"de\",\"potentialAction\":[{\"@type\":\"ReadAction\",\"target\":[\"https:\\\/\\\/www.kolivas.gr\\\/history\\\/\"]}]},{\"@type\":\"BreadcrumbList\",\"@id\":\"https:\\\/\\\/www.kolivas.gr\\\/history\\\/#breadcrumb\",\"itemListElement\":[{\"@type\":\"ListItem\",\"position\":1,\"name\":\"\u0391\u03c1\u03c7\u03b9\u03ba\u03ae\",\"item\":\"https:\\\/\\\/www.kolivas.gr\\\/\"},{\"@type\":\"ListItem\",\"position\":2,\"name\":\"\u0399\u03c3\u03c4\u03bf\u03c1\u03af\u03b1\"}]},{\"@type\":\"WebSite\",\"@id\":\"https:\\\/\\\/www.kolivas.gr\\\/#website\",\"url\":\"https:\\\/\\\/www.kolivas.gr\\\/\",\"name\":\"Kolivas Specialcars\",\"description\":\"\",\"potentialAction\":[{\"@type\":\"SearchAction\",\"target\":{\"@type\":\"EntryPoint\",\"urlTemplate\":\"https:\\\/\\\/www.kolivas.gr\\\/?s={search_term_string}\"},\"query-input\":{\"@type\":\"PropertyValueSpecification\",\"valueRequired\":true,\"valueName\":\"search_term_string\"}}],\"inLanguage\":\"de\"}]}<\/script>\n<!-- \/ Yoast SEO plugin. -->","yoast_head_json":{"title":"Geschichte - Kolivas Specialcars","robots":{"index":"index","follow":"follow","max-snippet":"max-snippet:-1","max-image-preview":"max-image-preview:large","max-video-preview":"max-video-preview:-1"},"canonical":"https:\/\/www.kolivas.gr\/history\/","og_locale":"de_DE","og_type":"article","og_title":"Geschichte - Kolivas Specialcars","og_description":"Nach dem Erhalt des Ingenieurs-Diploms (Technische Schule &#8222;Yparchos&#8220;) im Jahr 1969 begann ich eine Fabrik f\u00fcr die Herstellung von Karosserien. \u00a0\u00a0Konkret stellte ich K\u00fchlr\u00e4ume f\u00fcr Lastwagen und Drei-Achser und f\u00fchrte auch Exporte nach europ\u00e4ischen Staaten durch. Das intensive Interesse an dem Gegenstand und die erh\u00f6hten Bed\u00fcrfnisse des Marktes nach Entwicklung und Spezialisierung f\u00fchrten 1992 zuRead More...","og_url":"https:\/\/www.kolivas.gr\/history\/","og_site_name":"Kolivas Specialcars","article_modified_time":"2018-11-19T21:36:19+00:00","twitter_card":"summary_large_image","twitter_misc":{"Gesch\u00e4tzte Lesezeit":"2\u00a0Minuten"},"schema":{"@context":"https:\/\/schema.org","@graph":[{"@type":"WebPage","@id":"https:\/\/www.kolivas.gr\/history\/","url":"https:\/\/www.kolivas.gr\/history\/","name":"Geschichte - Kolivas Specialcars","isPartOf":{"@id":"https:\/\/www.kolivas.gr\/#website"},"datePublished":"2013-09-27T09:53:32+00:00","dateModified":"2018-11-19T21:36:19+00:00","breadcrumb":{"@id":"https:\/\/www.kolivas.gr\/history\/#breadcrumb"},"inLanguage":"de","potentialAction":[{"@type":"ReadAction","target":["https:\/\/www.kolivas.gr\/history\/"]}]},{"@type":"BreadcrumbList","@id":"https:\/\/www.kolivas.gr\/history\/#breadcrumb","itemListElement":[{"@type":"ListItem","position":1,"name":"\u0391\u03c1\u03c7\u03b9\u03ba\u03ae","item":"https:\/\/www.kolivas.gr\/"},{"@type":"ListItem","position":2,"name":"\u0399\u03c3\u03c4\u03bf\u03c1\u03af\u03b1"}]},{"@type":"WebSite","@id":"https:\/\/www.kolivas.gr\/#website","url":"https:\/\/www.kolivas.gr\/","name":"Kolivas Specialcars","description":"","potentialAction":[{"@type":"SearchAction","target":{"@type":"EntryPoint","urlTemplate":"https:\/\/www.kolivas.gr\/?s={search_term_string}"},"query-input":{"@type":"PropertyValueSpecification","valueRequired":true,"valueName":"search_term_string"}}],"inLanguage":"de"}]}},"_links":{"self":[{"href":"https:\/\/www.kolivas.gr\/de\/wp-json\/wp\/v2\/pages\/37","targetHints":{"allow":["GET"]}}],"collection":[{"href":"https:\/\/www.kolivas.gr\/de\/wp-json\/wp\/v2\/pages"}],"about":[{"href":"https:\/\/www.kolivas.gr\/de\/wp-json\/wp\/v2\/types\/page"}],"author":[{"embeddable":true,"href":"https:\/\/www.kolivas.gr\/de\/wp-json\/wp\/v2\/users\/1"}],"replies":[{"embeddable":true,"href":"https:\/\/www.kolivas.gr\/de\/wp-json\/wp\/v2\/comments?post=37"}],"version-history":[{"count":0,"href":"https:\/\/www.kolivas.gr\/de\/wp-json\/wp\/v2\/pages\/37\/revisions"}],"wp:attachment":[{"href":"https:\/\/www.kolivas.gr\/de\/wp-json\/wp\/v2\/media?parent=37"}],"curies":[{"name":"wp","href":"https:\/\/api.w.org\/{rel}","templated":true}]}}