{"id":29,"date":"2013-09-27T11:46:55","date_gmt":"2013-09-27T08:46:55","guid":{"rendered":"http:\/\/www.kolivas.gr\/contact-us-page\/"},"modified":"2018-11-20T00:44:25","modified_gmt":"2018-11-19T22:44:25","slug":"contact-us-page","status":"publish","type":"page","link":"https:\/\/www.kolivas.gr\/de\/contact-us-page\/","title":{"rendered":"Kontakt"},"content":{"rendered":"<div style=\"width:92%; margin: auto;\">\n<div align=\"center\">\n<h4>Senden Sie uns Ihre Nachricht<\/h4>\n<\/div>\n<div class=\"su-row\"><\/div>\n<div class=\"su-column su-column-size-1-2\"><div class=\"su-column-inner su-u-clearfix su-u-trim\">\n<p style=\"text-align: center;\"><form method=\"post\" id=\"cntctfrm_contact_form\" class=\"cntctfrm_contact_form cntctfrm_one_column cntctfrm_ltr cntctfrm_width_default\" action=\"\/de\/wp-json\/wp\/v2\/pages\/29#cntctfrm_contact_form\" enctype=\"multipart\/form-data\"><div id=\"cntctfrm_first_column\" class=\"cntctfrm_column\"><div class=\"cntctfrm_field_wrap cntctfrm_field_name_wrap\"namecontact><div class=\"cntctfrm_label cntctfrm_label_name\">\n\t\t\t\t\t\t\t\t\t<label for=\"cntctfrm_contact_name\">Name: <span class=\"required\">*<\/span><\/label><\/div><div class=\"cntctfrm_input cntctfrm_input_name\">\n\t\t\t\t\t\t\t\t\t<input namecontact class=\"text\" type=\"text\" size=\"40\" pattern=\"^([\\p{L}\\p{M}]{2,}(\\s)*(\\p{L}+\\p{M}*-*){1,})|([\\p{L}\\p{M}]{3,})\" title=\"Bitte nur Buchstaben mit mindestens 3 Zeichen eingeben, W\u00f6rter durch Leerzeichen getrennt\" value=\"\" name=\"cntctfrm_contact_name\" id=\"cntctfrm_contact_name\" \/><\/div><\/div><div class=\"cntctfrm_field_wrap cntctfrm_field_email_wrap\"email><div class=\"cntctfrm_label cntctfrm_label_email\">\n\t\t\t\t\t\t\t\t\t<label for=\"cntctfrm_contact_email\">Email Address: <span class=\"required\">*<\/span><\/label>\n\t\t\t\t\t\t\t\t<\/div><div class=\"cntctfrm_input cntctfrm_input_email\">\n\t\t\t\t\t\t\t\t\t<input email class=\"text\" type=\"email\" size=\"40\" value=\"\" name=\"cntctfrm_contact_email\" id=\"cntctfrm_contact_email\" \/><\/div><\/div><div class=\"cntctfrm_field_wrap cntctfrm_field_subject_wrap\"subject><div class=\"cntctfrm_label cntctfrm_label_subject\">\n\t\t\t\t\t\t\t\t\t<label for=\"cntctfrm_contact_subject\">Subject: <span class=\"required\">*<\/span><\/label>\n\t\t\t\t\t\t\t\t<\/div><div class=\"cntctfrm_input cntctfrm_input_subject\">\n\t\t\t\t\t\t\t\t<input subject pattern=\"^\\p{L}{1,}([\\p{L}\\s]){2,}\" title=\"Please enter only letters at least 3 characters, words seperated by spaces\" class=\"text\" type=\"text\" size=\"40\" value=\"\" name=\"cntctfrm_contact_subject\" id=\"cntctfrm_contact_subject\" \/><\/div><\/div><div class=\"cntctfrm_field_wrap cntctfrm_field_message_wrap\"message><div class=\"cntctfrm_label cntctfrm_label_message\">\n\t\t\t\t\t\t\t\t<label for=\"cntctfrm_contact_message\">Message: <span class=\"required\">*<\/span><\/label>\n\t\t\t\t\t\t\t<\/div><div class=\"cntctfrm_input cntctfrm_input_message\">\n\t\t\t\t\t\t\t\t<textarea message rows=\"5\" cols=\"30\"name=\"cntctfrm_contact_message\" id=\"cntctfrm_contact_message\"><\/textarea><\/div><\/div><div class=\"cntctfrm_field_wrap cntctfrm_field_captcha_wrap\"><div class=\"cntctfrm_label cntctfrm_label_captcha\">\n\t\t\t\t\t\t\t\t\t\t\t<label><\/label>\n\t\t\t\t\t\t\t\t\t\t<\/div><div class=\"cntctfrm_input cntctfrm_input_captcha\"><div class=\"gglcptch gglcptch_v3\"><input type=\"hidden\" id=\"g-recaptcha-response\" name=\"g-recaptcha-response\" \/><br \/><div class=\"gglcptch_error_text\">Der Zeitraum f\u00fcr die reCAPTCHA-\u00dcberpr\u00fcfung ist abgelaufen. Bitte laden Sie die Seite neu.<\/div><\/div><\/div><\/div><\/div><div class=\"clear\"><\/div><div class=\"cntctfrm_submit_wrap\"><div id=\"cntctfrm_submit_first_column\" class=\"cntctfrm_column\"><div class=\"cntctfrm_input cntctfrm_input_submit\"><input type=\"hidden\" value=\"send\" name=\"cntctfrm_contact_action\">\n\t\t\t\t\t\t\t<input type=\"hidden\" value=\"default\" name=\"cntctfrm_language\">\n\t\t\t\t\t\t\t<input type=\"hidden\" value=\"1\" name=\"cntctfrm_form_submited\">\n\t\t\t\t\t\t\t<input type=\"hidden\" value=\"cntctfrm_options\" name=\"cntctfrm_options_name\">\n\t\t\t\t\t\t\t<input type=\"submit\" value=\"Submit\" class=\"cntctfrm_contact_submit\" id=\"1\" \/>\n\t\t\t\t\t\t<\/div><\/div><div id=\"cntctfrm_submit_second_column\" class=\"cntctfrm_column\"><\/div><div class=\"clear\"><\/div>\n\t\t\t<\/div>\n\t\t\t<\/form>\n<\/div><\/div>\n<div class=\"su-column su-column-size-1-3\"><div class=\"su-column-inner su-u-clearfix su-u-trim\">\n<div class=\"su-spacer\" style=\"height:5px\"><\/div>\n<h4>Kontaktinformation<\/h4>\n<p>Keramidia<br \/>\nSavalia, Ilida<br \/>\n27200<br \/>\nGreece<\/p>\n<div class=\"su-list\" style=\"margin-left:0px\">\n<ul>\n<li><i class=\"sui sui-phone\" style=\"color:#555\"><\/i> +302622022312<\/li>\n<\/ul>\n<\/div>\n<div class=\"su-list\" style=\"margin-left:0px\">\n<ul>\n<li><i class=\"sui sui-fax\" style=\"color:#555\"><\/i> +302622029630<\/li>\n<\/ul>\n<\/div>\n<div class=\"su-list\" style=\"margin-left:0px\">\n<ul>\n<li><i class=\"sui sui-mobile\" style=\"color:#555\"><\/i> +306979117714<\/li>\n<\/ul>\n<\/div>\n<div class=\"su-list\" style=\"margin-left:0px\">\n<ul>\n<li><i class=\"sui sui-envelope\" style=\"color:#555\"><\/i> info@kolivas.gr<\/li>\n<\/ul>\n<\/div>\n<\/div><\/div>\n<div class=\"su-row\"><\/div>\n<div class=\"su-spacer\" style=\"height:20px\"><\/div>\n<div class=\"su-spacer\" style=\"height:30px\"><\/div>\n<h3>Karte<\/h3>\n<div class=\"su-spacer\" style=\"height:20px\"><\/div>\n<div class=\"su-gmap su-u-responsive-media-yes\"><iframe loading=\"lazy\" width=\"100\" height=\"450\" src=\"\/\/maps.google.com\/maps?q=37.82007%2C%2021.31064&amp;output=embed\" title=\"\"><\/iframe><\/div>\n<\/p><\/div>\n","protected":false},"excerpt":{"rendered":"<p>Senden Sie uns Ihre Nachricht Karte<\/p>\n","protected":false},"author":1,"featured_media":0,"parent":0,"menu_order":9,"comment_status":"closed","ping_status":"closed","template":"","meta":{"footnotes":""},"class_list":["post-29","page","type-page","status-publish","hentry"],"yoast_head":"<!-- This site is optimized with the Yoast SEO plugin v27.4 - https:\/\/yoast.com\/product\/yoast-seo-wordpress\/ -->\n<title>Kontakt - Kolivas Specialcars<\/title>\n<meta name=\"robots\" content=\"index, follow, max-snippet:-1, max-image-preview:large, max-video-preview:-1\" \/>\n<link rel=\"canonical\" href=\"https:\/\/www.kolivas.gr\/contact-us-page\/\" \/>\n<meta property=\"og:locale\" content=\"de_DE\" \/>\n<meta property=\"og:type\" content=\"article\" \/>\n<meta property=\"og:title\" content=\"Kontakt - Kolivas Specialcars\" \/>\n<meta property=\"og:description\" content=\"Senden Sie uns Ihre Nachricht Karte\" \/>\n<meta property=\"og:url\" content=\"https:\/\/www.kolivas.gr\/contact-us-page\/\" \/>\n<meta property=\"og:site_name\" content=\"Kolivas Specialcars\" \/>\n<meta property=\"article:modified_time\" content=\"2018-11-19T22:44:25+00:00\" \/>\n<meta name=\"twitter:card\" content=\"summary_large_image\" \/>\n<script type=\"application\/ld+json\" class=\"yoast-schema-graph\">{\"@context\":\"https:\\\/\\\/schema.org\",\"@graph\":[{\"@type\":\"WebPage\",\"@id\":\"https:\\\/\\\/www.kolivas.gr\\\/contact-us-page\\\/\",\"url\":\"https:\\\/\\\/www.kolivas.gr\\\/contact-us-page\\\/\",\"name\":\"Kontakt - Kolivas Specialcars\",\"isPartOf\":{\"@id\":\"https:\\\/\\\/www.kolivas.gr\\\/#website\"},\"datePublished\":\"2013-09-27T08:46:55+00:00\",\"dateModified\":\"2018-11-19T22:44:25+00:00\",\"breadcrumb\":{\"@id\":\"https:\\\/\\\/www.kolivas.gr\\\/contact-us-page\\\/#breadcrumb\"},\"inLanguage\":\"de\",\"potentialAction\":[{\"@type\":\"ReadAction\",\"target\":[\"https:\\\/\\\/www.kolivas.gr\\\/contact-us-page\\\/\"]}]},{\"@type\":\"BreadcrumbList\",\"@id\":\"https:\\\/\\\/www.kolivas.gr\\\/contact-us-page\\\/#breadcrumb\",\"itemListElement\":[{\"@type\":\"ListItem\",\"position\":1,\"name\":\"\u0391\u03c1\u03c7\u03b9\u03ba\u03ae\",\"item\":\"https:\\\/\\\/www.kolivas.gr\\\/\"},{\"@type\":\"ListItem\",\"position\":2,\"name\":\"\u0395\u03c0\u03b9\u03ba\u03bf\u03b9\u03bd\u03c9\u03bd\u03af\u03b1\"}]},{\"@type\":\"WebSite\",\"@id\":\"https:\\\/\\\/www.kolivas.gr\\\/#website\",\"url\":\"https:\\\/\\\/www.kolivas.gr\\\/\",\"name\":\"Kolivas Specialcars\",\"description\":\"\",\"potentialAction\":[{\"@type\":\"SearchAction\",\"target\":{\"@type\":\"EntryPoint\",\"urlTemplate\":\"https:\\\/\\\/www.kolivas.gr\\\/?s={search_term_string}\"},\"query-input\":{\"@type\":\"PropertyValueSpecification\",\"valueRequired\":true,\"valueName\":\"search_term_string\"}}],\"inLanguage\":\"de\"}]}<\/script>\n<!-- \/ Yoast SEO plugin. -->","yoast_head_json":{"title":"Kontakt - Kolivas Specialcars","robots":{"index":"index","follow":"follow","max-snippet":"max-snippet:-1","max-image-preview":"max-image-preview:large","max-video-preview":"max-video-preview:-1"},"canonical":"https:\/\/www.kolivas.gr\/contact-us-page\/","og_locale":"de_DE","og_type":"article","og_title":"Kontakt - Kolivas Specialcars","og_description":"Senden Sie uns Ihre Nachricht Karte","og_url":"https:\/\/www.kolivas.gr\/contact-us-page\/","og_site_name":"Kolivas Specialcars","article_modified_time":"2018-11-19T22:44:25+00:00","twitter_card":"summary_large_image","schema":{"@context":"https:\/\/schema.org","@graph":[{"@type":"WebPage","@id":"https:\/\/www.kolivas.gr\/contact-us-page\/","url":"https:\/\/www.kolivas.gr\/contact-us-page\/","name":"Kontakt - Kolivas Specialcars","isPartOf":{"@id":"https:\/\/www.kolivas.gr\/#website"},"datePublished":"2013-09-27T08:46:55+00:00","dateModified":"2018-11-19T22:44:25+00:00","breadcrumb":{"@id":"https:\/\/www.kolivas.gr\/contact-us-page\/#breadcrumb"},"inLanguage":"de","potentialAction":[{"@type":"ReadAction","target":["https:\/\/www.kolivas.gr\/contact-us-page\/"]}]},{"@type":"BreadcrumbList","@id":"https:\/\/www.kolivas.gr\/contact-us-page\/#breadcrumb","itemListElement":[{"@type":"ListItem","position":1,"name":"\u0391\u03c1\u03c7\u03b9\u03ba\u03ae","item":"https:\/\/www.kolivas.gr\/"},{"@type":"ListItem","position":2,"name":"\u0395\u03c0\u03b9\u03ba\u03bf\u03b9\u03bd\u03c9\u03bd\u03af\u03b1"}]},{"@type":"WebSite","@id":"https:\/\/www.kolivas.gr\/#website","url":"https:\/\/www.kolivas.gr\/","name":"Kolivas Specialcars","description":"","potentialAction":[{"@type":"SearchAction","target":{"@type":"EntryPoint","urlTemplate":"https:\/\/www.kolivas.gr\/?s={search_term_string}"},"query-input":{"@type":"PropertyValueSpecification","valueRequired":true,"valueName":"search_term_string"}}],"inLanguage":"de"}]}},"_links":{"self":[{"href":"https:\/\/www.kolivas.gr\/de\/wp-json\/wp\/v2\/pages\/29","targetHints":{"allow":["GET"]}}],"collection":[{"href":"https:\/\/www.kolivas.gr\/de\/wp-json\/wp\/v2\/pages"}],"about":[{"href":"https:\/\/www.kolivas.gr\/de\/wp-json\/wp\/v2\/types\/page"}],"author":[{"embeddable":true,"href":"https:\/\/www.kolivas.gr\/de\/wp-json\/wp\/v2\/users\/1"}],"replies":[{"embeddable":true,"href":"https:\/\/www.kolivas.gr\/de\/wp-json\/wp\/v2\/comments?post=29"}],"version-history":[{"count":0,"href":"https:\/\/www.kolivas.gr\/de\/wp-json\/wp\/v2\/pages\/29\/revisions"}],"wp:attachment":[{"href":"https:\/\/www.kolivas.gr\/de\/wp-json\/wp\/v2\/media?parent=29"}],"curies":[{"name":"wp","href":"https:\/\/api.w.org\/{rel}","templated":true}]}}